{"id":4146,"date":"2016-11-27T22:27:33","date_gmt":"2016-11-27T22:27:33","guid":{"rendered":"https:\/\/eurologos-group.com\/services\/interpretation\/"},"modified":"2020-09-23T11:23:49","modified_gmt":"2020-09-23T11:23:49","slug":"interpretation","status":"publish","type":"page","link":"https:\/\/eurologos-group.com\/fr\/interpretation\/","title":{"rendered":"Interpr\u00e9tation"},"content":{"rendered":"<h4><strong><img loading=\"lazy\" decoding=\"async\" class=\"alignright wp-image-2374 size-medium\" src=\"https:\/\/eurologos-group.com\/wp-content\/uploads\/2014\/08\/Interpretation-de-Conference-Evenements-300x168.jpg\" alt=\"Interpr\u00e9tation de Conf\u00e9rence &amp; Ev\u00e9nements\" width=\"300\" height=\"168\" srcset=\"https:\/\/eurologos-group.com\/wp-content\/uploads\/2014\/08\/Interpretation-de-Conference-Evenements-300x168.jpg 300w, https:\/\/eurologos-group.com\/wp-content\/uploads\/2014\/08\/Interpretation-de-Conference-Evenements-768x431.jpg 768w, https:\/\/eurologos-group.com\/wp-content\/uploads\/2014\/08\/Interpretation-de-Conference-Evenements-1024x575.jpg 1024w, https:\/\/eurologos-group.com\/wp-content\/uploads\/2014\/08\/Interpretation-de-Conference-Evenements.jpg 2048w\" sizes=\"auto, (max-width: 300px) 100vw, 300px\" \/>Simultan\u00e9e<\/strong><\/h4>\n<p>Comme son nom l'indique, l'interpr\u00e9tation simultan\u00e9e s'effectue en m\u00eame temps que le discours de l'orateur. Les participants re\u00e7oivent ainsi, dans leurs diff\u00e9rentes langues, les interpr\u00e9tations de l'intervention du conf\u00e9rencier moyennant des\u00a0\u00e9couteurs personnels\u00a0synchronis\u00e9s sur le canal d'\u00e9coute qu'ils ont choisi. Dans chaque cabine d'interpr\u00e9tation,\u00a0deux interpr\u00e8tes assurent \u00e0 tour de r\u00f4le\u00a0l'interpr\u00e9tation simultan\u00e9e vers une langue en la transmettant aux r\u00e9cepteurs de l'assistance.<\/p>\n<p>Lorsque la salle de conf\u00e9rence n'est pas \u00e9quip\u00e9e d'un syst\u00e8me d'interpr\u00e9tation en simultan\u00e9, nous fournissons l'\u00e9quipement complet (c\u00e2bl\u00e9s, sans fil et\/ou audiovisuel). Pour toute la dur\u00e9e de la location du mat\u00e9riel, la pr\u00e9sence d'un technicien du son est garantie.<\/p>\n<h4><strong>En chuchotage<\/strong><\/h4>\n<p>L\u2019interpr\u00e9tation en chuchotage ne diff\u00e8re que l\u00e9g\u00e8rement de la simultan\u00e9e : au lieu de parler dans le micro \u00e0 partir de la cabine, l\u2019interpr\u00e8te chuchote sa traduction \u00e0 l\u2019oreille d\u2019une personne ou \u00e0 un tout petit groupe regroup\u00e9 \u00e0 l\u2019\u00e9cart.<\/p>\n<h4><strong>Cons\u00e9cutive<\/strong><\/h4>\n<p>L'interpr\u00e9tation cons\u00e9cutive permet la transposition d'un discours dans une autre langue juste apr\u00e8s que celui-ci se soit termin\u00e9. Tandis que la simultan\u00e9e s'effectue pendant les discours originaux et durent aussi longtemps que ceux-ci, l'interpr\u00e9tation cons\u00e9cutive demande un temps de r\u00e9alisation suppl\u00e9mentaire.<\/p>\n<p>Pendant que l'orateur prononce son discours, l'interpr\u00e8te prend des notes et structure son interpr\u00e9tation en l\u2019\u00e9courtant d\u2019apr\u00e8s un rapport de r\u00e9duction\u00a0- normalement entre 1\/5 et 1\/2 - qu'il aura d\u00e9fini au pr\u00e9alable avec le\u00a0Pr\u00e9sident de s\u00e9ance.<\/p>\n<h4><strong>De liaison<\/strong><\/h4>\n<p>Lorsqu\u2019il faut assurer l\u2019interpr\u00e9tation d\u2019une petite r\u00e9union (jusqu\u2019\u00e0 une vingtaine de personnes), d\u2019une visite guid\u00e9e en atelier ou d\u2019une rencontre plus restreinte et lorsqu\u2019il n\u2019y a pas plus de deux langues \u00e0 interpr\u00e9ter, on peut faire appel \u00e0 un ou deux interpr\u00e8tes de liaison. Dans ce cas, l\u2019interpr\u00e8te traduit aussi bien vers une langue que vers l\u2019autre, en participant directement \u00e0 la rencontre.<\/p>\n<h4><strong>Traduction \u00e0 vue<\/strong><\/h4>\n<p>L\u2019interpr\u00e8te qui fait la traduction \u00e0 vue \u00ab lit \u00bb directement dans la langue cible le texte \u00e9crit dans la langue source. Pour des textes de plus de 1000 mots (environ 100 lignes), une pr\u00e9-traduction devient n\u00e9cessaire.<\/p>\n<h4><strong>Mixte<\/strong><\/h4>\n<p>Dans l\u2019organisation des congr\u00e8s, il est parfois n\u00e9cessaire de combiner diff\u00e9rents modes d\u2019interpr\u00e9tation. On pourra donc avoir les discours interpr\u00e9t\u00e9s en simultan\u00e9e ou en chuchotage, les interventions cons\u00e9cutives, les d\u00e9bats des commissions en liaison et les motions en traduction \u00e0 vue.<\/p>\n<p>Et il n'est pas rare de devoir changer, en derni\u00e8re minute\u00a0et en plein d\u00e9roulement du programme de la conf\u00e9rence, la structure des modes d'interpr\u00e9tation et l'affectation des interpr\u00e8tes.<\/p>\n<p>A la demande du Responsable de s\u00e9ance, le\u00a0coordinateur Eurologos\u00a0intervient aupr\u00e8s des interpr\u00e8tes en\u00a0r\u00e9organisant\u00a0sur le champ les services par rapport aux nouvelles exigences.<\/p>\n<h4><strong>Jur\u00e9e<\/strong><\/h4>\n<p>Tout comme les traductions jur\u00e9es, les interpr\u00e9tations jur\u00e9es requi\u00e8rent des personnes asserment\u00e9es aupr\u00e8s des Tribunaux. En outre, l\u2019interpr\u00e9tation jur\u00e9e est obligatoire pour les actes civils (mariages, expertises, etc.).<\/p>\n<p>Contactez-nous\u00a0! Nous vous enverrons un devis dans les plus brefs d\u00e9lais :<br \/>\n\n<div class=\"wpcf7 no-js\" id=\"wpcf7-f2042-o1\" lang=\"fr-FR\" dir=\"ltr\" data-wpcf7-id=\"2042\">\n<div class=\"screen-reader-response\"><p role=\"status\" aria-live=\"polite\" aria-atomic=\"true\"><\/p> <ul><\/ul><\/div>\n<form action=\"\/fr\/wp-json\/wp\/v2\/pages\/4146#wpcf7-f2042-o1\" method=\"post\" class=\"wpcf7-form init\" aria-label=\"Formulaire de contact\" novalidate=\"novalidate\" data-status=\"init\">\n<div style=\"display: none;\">\n<input type=\"hidden\" name=\"_wpcf7\" value=\"2042\" \/>\n<input type=\"hidden\" name=\"_wpcf7_version\" value=\"6.0.6\" \/>\n<input type=\"hidden\" name=\"_wpcf7_locale\" value=\"fr_FR\" \/>\n<input type=\"hidden\" name=\"_wpcf7_unit_tag\" value=\"wpcf7-f2042-o1\" \/>\n<input type=\"hidden\" name=\"_wpcf7_container_post\" value=\"0\" \/>\n<input type=\"hidden\" name=\"_wpcf7_posted_data_hash\" value=\"\" \/>\n<input type=\"hidden\" name=\"_wpcf7_recaptcha_response\" value=\"\" \/>\n<\/div>\n<div class=\"row\" >\n\t<div class=\"span4\" >\n\t\t<p>Nom*\n\t\t<\/p>\n\t\t<p><span class=\"wpcf7-form-control-wrap\" data-name=\"your-name\"><input size=\"40\" maxlength=\"400\" class=\"wpcf7-form-control wpcf7-text wpcf7-validates-as-required\" aria-required=\"true\" aria-invalid=\"false\" value=\"\" type=\"text\" name=\"your-name\" \/><\/span>\n\t\t<\/p>\n\t\t<p>Pr\u00e9nom*\n\t\t<\/p>\n\t\t<p><span class=\"wpcf7-form-control-wrap\" data-name=\"your-surname\"><input size=\"40\" maxlength=\"400\" class=\"wpcf7-form-control wpcf7-text wpcf7-validates-as-required\" aria-required=\"true\" aria-invalid=\"false\" value=\"\" type=\"text\" name=\"your-surname\" \/><\/span>\n\t\t<\/p>\n\t\t<p>Email*\n\t\t<\/p>\n\t\t<p><span class=\"wpcf7-form-control-wrap\" data-name=\"your-email\"><input size=\"40\" maxlength=\"400\" class=\"wpcf7-form-control wpcf7-email wpcf7-validates-as-required wpcf7-text wpcf7-validates-as-email\" aria-required=\"true\" aria-invalid=\"false\" value=\"\" type=\"email\" name=\"your-email\" \/><\/span>\n\t\t<\/p>\n\t\t<p>Soci\u00e9t\u00e9\n\t\t<\/p>\n\t\t<p><span class=\"wpcf7-form-control-wrap\" data-name=\"societe\"><input size=\"40\" maxlength=\"400\" class=\"wpcf7-form-control wpcf7-text\" aria-invalid=\"false\" value=\"\" type=\"text\" name=\"societe\" \/><\/span>\n\t\t<\/p>\n\t<\/div>\n\t<div class=\"span8\" >\n\t\t<p>Message*\n\t\t<\/p>\n\t\t<p><span class=\"wpcf7-form-control-wrap\" data-name=\"your-message\"><textarea cols=\"40\" rows=\"10\" maxlength=\"2000\" class=\"wpcf7-form-control wpcf7-textarea wpcf7-validates-as-required\" aria-required=\"true\" aria-invalid=\"false\" name=\"your-message\"><\/textarea><\/span>\n\t\t<\/p>\n\t\n\t\t<p><span class=\"wpcf7-form-control-wrap\" data-name=\"GDPR\"><span class=\"wpcf7-form-control wpcf7-checkbox wpcf7-validates-as-required\"><span class=\"wpcf7-list-item first last\"><input type=\"checkbox\" name=\"GDPR[]\" value=\"En envoyant ce formulaire, je consens \u00e0 ce que les donn\u00e9es \u00e0 caract\u00e8re personnel qu\u2019il contient soient trait\u00e9es par Eurologos Group, dans le respect de leur politique de confidentialit\u00e9.\" \/><span class=\"wpcf7-list-item-label\">En envoyant ce formulaire, je consens \u00e0 ce que les donn\u00e9es \u00e0 caract\u00e8re personnel qu\u2019il contient soient trait\u00e9es par Eurologos Group, dans le respect de leur politique de confidentialit\u00e9.<\/span><\/span><\/span><\/span>\n\t\t<\/p>\n\t\t<p><input class=\"wpcf7-form-control wpcf7-submit has-spinner\" type=\"submit\" value=\"Envoyer\" \/>\n\t\t<\/p>\n\t<\/div>\n<\/div><div class=\"wpcf7-response-output\" aria-hidden=\"true\"><\/div>\n<\/form>\n<\/div>\n\n","protected":false},"excerpt":{"rendered":"Simultan\u00e9e Comme son nom l'indique, l'interpr\u00e9tation simultan\u00e9e s'effectue en m\u00eame temps que le discours de l'orateur. Les participants re\u00e7oivent ainsi, dans leurs diff\u00e9rentes langues, les interpr\u00e9tations de l'intervention du conf\u00e9rencier moyennant des\u00a0\u00e9couteurs personnels\u00a0synchronis\u00e9s sur le canal d'\u00e9coute qu'ils ont choisi. Dans chaque cabine d'interpr\u00e9tation,\u00a0deux interpr\u00e8tes assurent \u00e0 tour de r\u00f4le\u00a0l'interpr\u00e9tation simultan\u00e9e vers une langue en la transmettant aux r\u00e9cepteurs de&nbsp;<a href=\"https:\/\/eurologos-group.com\/fr\/interpretation\/\" class=\"read-more\">Continue Reading<\/a>","protected":false},"author":1,"featured_media":2374,"parent":0,"menu_order":3,"comment_status":"closed","ping_status":"closed","template":"","meta":{"footnotes":""},"class_list":["post-4146","page","type-page","status-publish","has-post-thumbnail","hentry"],"yoast_head":"<!-- This site is optimized with the Yoast SEO plugin v25.1 - https:\/\/yoast.com\/wordpress\/plugins\/seo\/ -->\n<title>Agence d&#039;interpr\u00e9tation - Eurologos | Agence de traduction \u00e0 Bruxelles<\/title>\n<meta name=\"description\" content=\"Eurologos, agence internationale d&#039;interpr\u00e8tes, vous propose de nombreux services : simultan\u00e9e, cons\u00e9cutive, ... Contactez-nous pour un devis rapide !\" \/>\n<meta name=\"robots\" content=\"index, follow, max-snippet:-1, max-image-preview:large, max-video-preview:-1\" \/>\n<link rel=\"canonical\" href=\"https:\/\/eurologos-group.com\/fr\/interpretation\/\" \/>\n<meta property=\"og:locale\" content=\"fr_FR\" \/>\n<meta property=\"og:type\" content=\"article\" \/>\n<meta property=\"og:title\" content=\"Agence d&#039;interpr\u00e9tation - Eurologos | Agence de traduction \u00e0 Bruxelles\" \/>\n<meta property=\"og:description\" content=\"Eurologos, agence internationale d&#039;interpr\u00e8tes, vous propose de nombreux services : simultan\u00e9e, cons\u00e9cutive, ... Contactez-nous pour un devis rapide !\" \/>\n<meta property=\"og:url\" content=\"https:\/\/eurologos-group.com\/fr\/interpretation\/\" \/>\n<meta property=\"og:site_name\" content=\"Eurologos | Agence de Traduction certifi\u00e9e ISO9001 &amp; 17100 \u00e0 Bruxelles\" \/>\n<meta property=\"article:modified_time\" content=\"2020-09-23T11:23:49+00:00\" \/>\n<meta property=\"og:image\" content=\"https:\/\/eurologos-group.com\/wp-content\/uploads\/2014\/08\/Interpretation-de-Conference-Evenements.jpg\" \/>\n\t<meta property=\"og:image:width\" content=\"2048\" \/>\n\t<meta property=\"og:image:height\" content=\"1150\" \/>\n\t<meta property=\"og:image:type\" content=\"image\/jpeg\" \/>\n<meta name=\"twitter:card\" content=\"summary_large_image\" \/>\n<meta name=\"twitter:label1\" content=\"Dur\u00e9e de lecture est.\" \/>\n\t<meta name=\"twitter:data1\" content=\"3 minutes\" \/>\n<script type=\"application\/ld+json\" class=\"yoast-schema-graph\">{\"@context\":\"https:\/\/schema.org\",\"@graph\":[{\"@type\":\"WebPage\",\"@id\":\"https:\/\/eurologos-group.com\/fr\/interpretation\/\",\"url\":\"https:\/\/eurologos-group.com\/fr\/interpretation\/\",\"name\":\"Agence d'interpr\u00e9tation - Eurologos | Agence de traduction \u00e0 Bruxelles\",\"isPartOf\":{\"@id\":\"https:\/\/eurologos-group.com\/fr\/#website\"},\"primaryImageOfPage\":{\"@id\":\"https:\/\/eurologos-group.com\/fr\/interpretation\/#primaryimage\"},\"image\":{\"@id\":\"https:\/\/eurologos-group.com\/fr\/interpretation\/#primaryimage\"},\"thumbnailUrl\":\"https:\/\/eurologos-group.com\/wp-content\/uploads\/2014\/08\/Interpretation-de-Conference-Evenements.jpg\",\"datePublished\":\"2016-11-27T22:27:33+00:00\",\"dateModified\":\"2020-09-23T11:23:49+00:00\",\"description\":\"Eurologos, agence internationale d'interpr\u00e8tes, vous propose de nombreux services : simultan\u00e9e, cons\u00e9cutive, ... Contactez-nous pour un devis rapide !\",\"inLanguage\":\"fr-BE\",\"potentialAction\":[{\"@type\":\"ReadAction\",\"target\":[\"https:\/\/eurologos-group.com\/fr\/interpretation\/\"]}]},{\"@type\":\"ImageObject\",\"inLanguage\":\"fr-BE\",\"@id\":\"https:\/\/eurologos-group.com\/fr\/interpretation\/#primaryimage\",\"url\":\"https:\/\/eurologos-group.com\/wp-content\/uploads\/2014\/08\/Interpretation-de-Conference-Evenements.jpg\",\"contentUrl\":\"https:\/\/eurologos-group.com\/wp-content\/uploads\/2014\/08\/Interpretation-de-Conference-Evenements.jpg\",\"width\":2048,\"height\":1150,\"caption\":\"Interpr\u00e9tation de Conf\u00e9rence & Ev\u00e9nements\"},{\"@type\":\"WebSite\",\"@id\":\"https:\/\/eurologos-group.com\/fr\/#website\",\"url\":\"https:\/\/eurologos-group.com\/fr\/\",\"name\":\"Eurologos | Agence de Traduction certifi\u00e9e ISO9001 & 17100 \u00e0 Bruxelles\",\"description\":\"\",\"potentialAction\":[{\"@type\":\"SearchAction\",\"target\":{\"@type\":\"EntryPoint\",\"urlTemplate\":\"https:\/\/eurologos-group.com\/fr\/?s={search_term_string}\"},\"query-input\":{\"@type\":\"PropertyValueSpecification\",\"valueRequired\":true,\"valueName\":\"search_term_string\"}}],\"inLanguage\":\"fr-BE\"}]}<\/script>\n<!-- \/ Yoast SEO plugin. -->","yoast_head_json":{"title":"Agence d'interpr\u00e9tation - Eurologos | Agence de traduction \u00e0 Bruxelles","description":"Eurologos, agence internationale d'interpr\u00e8tes, vous propose de nombreux services : simultan\u00e9e, cons\u00e9cutive, ... Contactez-nous pour un devis rapide !","robots":{"index":"index","follow":"follow","max-snippet":"max-snippet:-1","max-image-preview":"max-image-preview:large","max-video-preview":"max-video-preview:-1"},"canonical":"https:\/\/eurologos-group.com\/fr\/interpretation\/","og_locale":"fr_FR","og_type":"article","og_title":"Agence d'interpr\u00e9tation - Eurologos | Agence de traduction \u00e0 Bruxelles","og_description":"Eurologos, agence internationale d'interpr\u00e8tes, vous propose de nombreux services : simultan\u00e9e, cons\u00e9cutive, ... Contactez-nous pour un devis rapide !","og_url":"https:\/\/eurologos-group.com\/fr\/interpretation\/","og_site_name":"Eurologos | Agence de Traduction certifi\u00e9e ISO9001 & 17100 \u00e0 Bruxelles","article_modified_time":"2020-09-23T11:23:49+00:00","og_image":[{"width":2048,"height":1150,"url":"https:\/\/eurologos-group.com\/wp-content\/uploads\/2014\/08\/Interpretation-de-Conference-Evenements.jpg","type":"image\/jpeg"}],"twitter_card":"summary_large_image","twitter_misc":{"Dur\u00e9e de lecture est.":"3 minutes"},"schema":{"@context":"https:\/\/schema.org","@graph":[{"@type":"WebPage","@id":"https:\/\/eurologos-group.com\/fr\/interpretation\/","url":"https:\/\/eurologos-group.com\/fr\/interpretation\/","name":"Agence d'interpr\u00e9tation - Eurologos | Agence de traduction \u00e0 Bruxelles","isPartOf":{"@id":"https:\/\/eurologos-group.com\/fr\/#website"},"primaryImageOfPage":{"@id":"https:\/\/eurologos-group.com\/fr\/interpretation\/#primaryimage"},"image":{"@id":"https:\/\/eurologos-group.com\/fr\/interpretation\/#primaryimage"},"thumbnailUrl":"https:\/\/eurologos-group.com\/wp-content\/uploads\/2014\/08\/Interpretation-de-Conference-Evenements.jpg","datePublished":"2016-11-27T22:27:33+00:00","dateModified":"2020-09-23T11:23:49+00:00","description":"Eurologos, agence internationale d'interpr\u00e8tes, vous propose de nombreux services : simultan\u00e9e, cons\u00e9cutive, ... Contactez-nous pour un devis rapide !","inLanguage":"fr-BE","potentialAction":[{"@type":"ReadAction","target":["https:\/\/eurologos-group.com\/fr\/interpretation\/"]}]},{"@type":"ImageObject","inLanguage":"fr-BE","@id":"https:\/\/eurologos-group.com\/fr\/interpretation\/#primaryimage","url":"https:\/\/eurologos-group.com\/wp-content\/uploads\/2014\/08\/Interpretation-de-Conference-Evenements.jpg","contentUrl":"https:\/\/eurologos-group.com\/wp-content\/uploads\/2014\/08\/Interpretation-de-Conference-Evenements.jpg","width":2048,"height":1150,"caption":"Interpr\u00e9tation de Conf\u00e9rence & Ev\u00e9nements"},{"@type":"WebSite","@id":"https:\/\/eurologos-group.com\/fr\/#website","url":"https:\/\/eurologos-group.com\/fr\/","name":"Eurologos | Agence de Traduction certifi\u00e9e ISO9001 & 17100 \u00e0 Bruxelles","description":"","potentialAction":[{"@type":"SearchAction","target":{"@type":"EntryPoint","urlTemplate":"https:\/\/eurologos-group.com\/fr\/?s={search_term_string}"},"query-input":{"@type":"PropertyValueSpecification","valueRequired":true,"valueName":"search_term_string"}}],"inLanguage":"fr-BE"}]}},"_links":{"self":[{"href":"https:\/\/eurologos-group.com\/fr\/wp-json\/wp\/v2\/pages\/4146","targetHints":{"allow":["GET"]}}],"collection":[{"href":"https:\/\/eurologos-group.com\/fr\/wp-json\/wp\/v2\/pages"}],"about":[{"href":"https:\/\/eurologos-group.com\/fr\/wp-json\/wp\/v2\/types\/page"}],"author":[{"embeddable":true,"href":"https:\/\/eurologos-group.com\/fr\/wp-json\/wp\/v2\/users\/1"}],"replies":[{"embeddable":true,"href":"https:\/\/eurologos-group.com\/fr\/wp-json\/wp\/v2\/comments?post=4146"}],"version-history":[{"count":1,"href":"https:\/\/eurologos-group.com\/fr\/wp-json\/wp\/v2\/pages\/4146\/revisions"}],"predecessor-version":[{"id":4148,"href":"https:\/\/eurologos-group.com\/fr\/wp-json\/wp\/v2\/pages\/4146\/revisions\/4148"}],"wp:featuredmedia":[{"embeddable":true,"href":"https:\/\/eurologos-group.com\/fr\/wp-json\/wp\/v2\/media\/2374"}],"wp:attachment":[{"href":"https:\/\/eurologos-group.com\/fr\/wp-json\/wp\/v2\/media?parent=4146"}],"curies":[{"name":"wp","href":"https:\/\/api.w.org\/{rel}","templated":true}]}}