{"id":4122,"date":"2018-06-08T13:48:26","date_gmt":"2018-06-08T13:48:26","guid":{"rendered":"https:\/\/eurologos-group.com\/services\/traductions\/traductions-generales\/"},"modified":"2023-06-07T14:28:51","modified_gmt":"2023-06-07T14:28:51","slug":"traductions-generales","status":"publish","type":"page","link":"https:\/\/eurologos-group.com\/fr\/traductions-generales\/","title":{"rendered":"Traductions g\u00e9n\u00e9rales"},"content":{"rendered":"<p style=\"margin-bottom: 18.0pt;\"><img loading=\"lazy\" decoding=\"async\" class=\"size-medium wp-image-3054 alignleft\" src=\"https:\/\/eurologos-group.com\/wp-content\/uploads\/2023\/06\/traductions.jpeg\" alt=\"\" width=\"300\" height=\"193\" \/>Le Groupe Eurologos est un leader dans le secteur des services de traduction depuis sa cr\u00e9ation en 1977 \u00e0 Bruxelles.<\/p>\n<p style=\"margin-bottom: 18.0pt; text-align: justify;\">Il est compos\u00e9 d'agences<span class=\"apple-converted-space\">\u00a0<\/span>glocalis\u00e9es<span class=\"apple-converted-space\">\u00a0<\/span>sur quatre continents\u00a0: on ne peut obtenir une\u00a0traduction d\u2019excellente qualit\u00e9\u00a0qu'avec une production dans une\u00a0agence situ\u00e9e dans le pays de la langue cible.<\/p>\n<p style=\"margin-bottom: 18.0pt; text-align: justify;\">Les agences du Groupe peuvent prendre en charge tous types de traductions : <a href=\"https:\/\/eurologos-group.com\/fr\/traductions-techniques\/\">techniques<\/a>, jur\u00e9es \/ asserment\u00e9es, commerciales, litt\u00e9raires, juridiques, financi\u00e8res, publicitaires...<\/p>\n<p style=\"margin-bottom: 18.0pt; text-align: justify;\">\u2026 pour tous types de communication\u00a0: textes, rapports, manuels, brochures, slogans, articles, communiqu\u00e9s, sites web\u2026<\/p>\n<p style=\"margin-bottom: 18.0pt; text-align: justify;\">\u2026 sur tous types de <a href=\"https:\/\/eurologos-group.com\/fr\/traductions-generales\/traduction-de-document\/\">documents<\/a> : Word, PDF, Excel, PowerPoint, idml, xml, html...<\/p>\n<p style=\"margin-bottom: 18.0pt; text-align: justify;\">\u2026 et dans toutes les langues\u00a0: fran\u00e7ais, <a href=\"https:\/\/eurologos-group.com\/fr\/traductions-generales\/traducteur-neerlandais\/\">n\u00e9erlandais<\/a>, anglais, allemand, espagnol, italien, portugais, polonais, russe, chinois, arabe\u00a0, grec, h\u00e9breu, japonais, tch\u00e8que<span class=\"apple-converted-space\">\u00a0<\/span>&gt;et beaucoup d\u2019autres\u00a0!<\/p>\n<p style=\"margin-bottom: 18.0pt; text-align: justify;\">Nos tarifs de traduction sont calcul\u00e9s sur base du nombre de mots dans le texte source.<\/p>\n<p style=\"margin-bottom: 18.0pt; text-align: justify;\">Pour vous donner une id\u00e9e des d\u00e9lais, notre capacit\u00e9 de traduction est d\u2019environ 1700 mots par jour ouvrable par langue (r\u00e9vision par un autre traducteur incluse) avec un d\u00e9lai minimal de 3 jours ouvrables.<\/p>\n<p style=\"margin-bottom: 18.0pt; text-align: justify;\">Contactez notre <a href=\"https:\/\/eurologos-group.com\/fr\/a-propos\/lentreprise\/eurologos-bruxelles-une-agence-de-traduction-en-ligne-professionnelle\/\">agence de traduction en ligne<\/a> et envoyez-nous vos documents \u00e0 traduire. Vous recevrez un devis gratuit dans les plus brefs d\u00e9lais :<\/p>\n\n<div class=\"wpcf7 no-js\" id=\"wpcf7-f2180-o1\" lang=\"fr-FR\" dir=\"ltr\" data-wpcf7-id=\"2180\">\n<div class=\"screen-reader-response\"><p role=\"status\" aria-live=\"polite\" aria-atomic=\"true\"><\/p> <ul><\/ul><\/div>\n<form action=\"\/fr\/wp-json\/wp\/v2\/pages\/4122#wpcf7-f2180-o1\" method=\"post\" class=\"wpcf7-form init\" aria-label=\"Formulaire de contact\" enctype=\"multipart\/form-data\" novalidate=\"novalidate\" data-status=\"init\">\n<div style=\"display: none;\">\n<input type=\"hidden\" name=\"_wpcf7\" value=\"2180\" \/>\n<input type=\"hidden\" name=\"_wpcf7_version\" value=\"6.0.6\" \/>\n<input type=\"hidden\" name=\"_wpcf7_locale\" value=\"fr_FR\" \/>\n<input type=\"hidden\" name=\"_wpcf7_unit_tag\" value=\"wpcf7-f2180-o1\" \/>\n<input type=\"hidden\" name=\"_wpcf7_container_post\" value=\"0\" \/>\n<input type=\"hidden\" name=\"_wpcf7_posted_data_hash\" value=\"\" \/>\n<input type=\"hidden\" name=\"_wpcf7_recaptcha_response\" value=\"\" \/>\n<\/div>\n<div style=\"float:left; margin-right:5px\">\n\t<p>Nom*\n\t<\/p>\n\t<p><span class=\"wpcf7-form-control-wrap\" data-name=\"your-name\"><input size=\"40\" maxlength=\"400\" class=\"wpcf7-form-control wpcf7-text wpcf7-validates-as-required\" aria-required=\"true\" aria-invalid=\"false\" value=\"\" type=\"text\" name=\"your-name\" \/><\/span>\n\t<\/p>\n<\/div>\n<div style=\"float:left; margin-right:5px\">\n\t<p>Pr\u00e9nom\n\t<\/p>\n\t<p><span class=\"wpcf7-form-control-wrap\" data-name=\"prenom\"><input size=\"40\" maxlength=\"400\" class=\"wpcf7-form-control wpcf7-text\" aria-invalid=\"false\" value=\"\" type=\"text\" name=\"prenom\" \/><\/span>\n\t<\/p>\n<\/div>\n<div style=\"float:left; margin-right:5px\">\n\t<p>Email*\n\t<\/p>\n\t<p><span class=\"wpcf7-form-control-wrap\" data-name=\"your-email\"><input size=\"40\" maxlength=\"400\" class=\"wpcf7-form-control wpcf7-email wpcf7-validates-as-required wpcf7-text wpcf7-validates-as-email\" aria-required=\"true\" aria-invalid=\"false\" value=\"\" type=\"email\" name=\"your-email\" \/><\/span>\n\t<\/p>\n<\/div>\n<div style=\"float:left; margin-right:5px\">\n\t<p>Soci\u00e9t\u00e9\n\t<\/p>\n\t<p><span class=\"wpcf7-form-control-wrap\" data-name=\"text-946\"><input size=\"40\" maxlength=\"400\" class=\"wpcf7-form-control wpcf7-text\" aria-invalid=\"false\" value=\"\" type=\"text\" name=\"text-946\" \/><\/span>\n\t<\/p>\n<\/div>\n<div style=\"float:left; margin-right:5px\">\n\t<p>Pays*\n\t<\/p>\n\t<p><span class=\"wpcf7-form-control-wrap\" data-name=\"pays\"><input size=\"40\" maxlength=\"400\" class=\"wpcf7-form-control wpcf7-text wpcf7-validates-as-required\" aria-required=\"true\" aria-invalid=\"false\" value=\"\" type=\"text\" name=\"pays\" \/><\/span>\n\t<\/p>\n<\/div>\n<div style=\"float:left; margin-right:5px\">\n\t<p>Ville*\n\t<\/p>\n\t<p><span class=\"wpcf7-form-control-wrap\" data-name=\"ville\"><input size=\"40\" maxlength=\"400\" class=\"wpcf7-form-control wpcf7-text wpcf7-validates-as-required\" aria-required=\"true\" aria-invalid=\"false\" value=\"\" type=\"text\" name=\"ville\" \/><\/span>\n\t<\/p>\n<\/div>\n<div style=\"float:left; margin-right:5px\">\n\t<p>T\u00e9l\u00e9phone\n\t<\/p>\n\t<p><span class=\"wpcf7-form-control-wrap\" data-name=\"phone\"><input size=\"40\" maxlength=\"400\" class=\"wpcf7-form-control wpcf7-text\" aria-invalid=\"false\" value=\"\" type=\"text\" name=\"phone\" \/><\/span>\n\t<\/p>\n<\/div>\n<div style=\"float:left; margin-right:5px\">\n\t<p>Int\u00e9ress\u00e9 par* :\n\t<\/p>\n\t<p><span class=\"wpcf7-form-control-wrap\" data-name=\"checkbox-358\"><span class=\"wpcf7-form-control wpcf7-checkbox wpcf7-validates-as-required\"><span class=\"wpcf7-list-item first\"><input type=\"checkbox\" name=\"checkbox-358[]\" value=\"Copywriting\" \/><span class=\"wpcf7-list-item-label\">Copywriting<\/span><\/span><span class=\"wpcf7-list-item\"><input type=\"checkbox\" name=\"checkbox-358[]\" value=\"Traduction\" \/><span class=\"wpcf7-list-item-label\">Traduction<\/span><\/span><span class=\"wpcf7-list-item\"><input type=\"checkbox\" name=\"checkbox-358[]\" value=\"Interpr\u00e9tation\" \/><span class=\"wpcf7-list-item-label\">Interpr\u00e9tation<\/span><\/span><span class=\"wpcf7-list-item\"><input type=\"checkbox\" name=\"checkbox-358[]\" value=\"Graphisme\" \/><span class=\"wpcf7-list-item-label\">Graphisme<\/span><\/span><span class=\"wpcf7-list-item\"><input type=\"checkbox\" name=\"checkbox-358[]\" value=\"Web\" \/><span class=\"wpcf7-list-item-label\">Web<\/span><\/span><span class=\"wpcf7-list-item last\"><input type=\"checkbox\" name=\"checkbox-358[]\" value=\"Autre\" \/><span class=\"wpcf7-list-item-label\">Autre<\/span><\/span><\/span><\/span>\n\t<\/p>\n<\/div>\n<div style=\"clear:both; margin-right:5px\">\n\t<p>Votre message\n\t<\/p>\n\t<p><span class=\"wpcf7-form-control-wrap\" data-name=\"your-message\"><textarea cols=\"40\" rows=\"10\" maxlength=\"2000\" class=\"wpcf7-form-control wpcf7-textarea\" aria-invalid=\"false\" name=\"your-message\"><\/textarea><\/span>\n\t<\/p>\n\t<div style=\"float:left; margin-right:5px\">\n\t\t<p><span class=\"wpcf7-form-control-wrap\" data-name=\"file-793\"><input size=\"40\" class=\"wpcf7-form-control wpcf7-file\" accept=\".pdf,.doc,.docx,.xls,.xlsx,.jpg,.png,.ppt,.pptx,.html,.xml,.idml,.sdl,.xliff\" aria-invalid=\"false\" type=\"file\" name=\"file-793\" \/><\/span>\n\t\t<\/p>\n\t<\/div>\n\t<div style=\"float:left; margin-right:5px\">\n\t\t<p><span class=\"wpcf7-form-control-wrap\" data-name=\"file-794\"><input size=\"40\" class=\"wpcf7-form-control wpcf7-file\" accept=\".pdf,.doc,.docx,.xls,.xlsx,.jpg,.png,.ppt,.pptx,.html,.xml,.idml,.sdl,.xliff\" aria-invalid=\"false\" type=\"file\" name=\"file-794\" \/><\/span>\n\t\t<\/p>\n\t<\/div>\n\t<div style=\"float:left; margin-right:5px\">\n\t\t<p><span class=\"wpcf7-form-control-wrap\" data-name=\"file-795\"><input size=\"40\" class=\"wpcf7-form-control wpcf7-file\" accept=\".pdf,.doc,.docx,.xls,.xlsx,.jpg,.png,.ppt,.pptx,.html,.xml,.idml,.sdl,.xliff\" aria-invalid=\"false\" type=\"file\" name=\"file-795\" \/><\/span>\n\t\t<\/p>\n\t<\/div>\n\t<div style=\"float:left; margin-right:5px\">\n\t\t<p><span class=\"wpcf7-form-control-wrap\" data-name=\"file-796\"><input size=\"40\" class=\"wpcf7-form-control wpcf7-file\" accept=\".pdf,.doc,.docx,.xls,.xlsx,.jpg,.png,.ppt,.pptx,.html,.xml,.idml,.sdl,.xliff\" aria-invalid=\"false\" type=\"file\" name=\"file-796\" \/><\/span>\n\t\t<\/p>\n\t<\/div>\n<\/div>\n<div style=\"clear:both;\">\n<\/div>\n<p>Si votre format de fichier n'est pas support\u00e9 par notre formulaire, veuillez nous en informer\n<\/p>\n<p>Volume max des fichiers: 8mb\n<\/p>\n\n<p><span class=\"wpcf7-form-control-wrap\" data-name=\"GDPR\"><span class=\"wpcf7-form-control wpcf7-checkbox wpcf7-validates-as-required\"><span class=\"wpcf7-list-item first last\"><input type=\"checkbox\" name=\"GDPR[]\" value=\"En envoyant ce formulaire, je consens \u00e0 ce que les donn\u00e9es \u00e0 caract\u00e8re personnel qu\u2019il contient soient trait\u00e9es par Eurologos Group, dans le respect de leur politique de confidentialit\u00e9.\" \/><span class=\"wpcf7-list-item-label\">En envoyant ce formulaire, je consens \u00e0 ce que les donn\u00e9es \u00e0 caract\u00e8re personnel qu\u2019il contient soient trait\u00e9es par Eurologos Group, dans le respect de leur politique de confidentialit\u00e9.<\/span><\/span><\/span><\/span>\n<\/p>\n<p><input class=\"wpcf7-form-control wpcf7-submit has-spinner\" type=\"submit\" value=\"Envoyer\" \/>\n<\/p>\n<p>* Champs obligatoires\n<\/p><div class=\"wpcf7-response-output\" aria-hidden=\"true\"><\/div>\n<\/form>\n<\/div>\n\n","protected":false},"excerpt":{"rendered":"Le Groupe Eurologos est un leader dans le secteur des services de traduction depuis sa cr\u00e9ation en 1977 \u00e0 Bruxelles. Il est compos\u00e9 d'agences\u00a0glocalis\u00e9es\u00a0sur quatre continents\u00a0: on ne peut obtenir une\u00a0traduction d\u2019excellente qualit\u00e9\u00a0qu'avec une production dans une\u00a0agence situ\u00e9e dans le pays de la langue cible. Les agences du Groupe peuvent prendre en charge tous types de traductions : techniques, jur\u00e9es&nbsp;<a href=\"https:\/\/eurologos-group.com\/fr\/traductions-generales\/\" class=\"read-more\">Continue Reading<\/a>","protected":false},"author":1,"featured_media":0,"parent":0,"menu_order":0,"comment_status":"closed","ping_status":"closed","template":"","meta":{"footnotes":""},"class_list":["post-4122","page","type-page","status-publish","hentry"],"yoast_head":"<!-- This site is optimized with the Yoast SEO plugin v25.1 - https:\/\/yoast.com\/wordpress\/plugins\/seo\/ -->\n<title>Traductions g\u00e9n\u00e9rales - Eurologos | Agence de Traduction certifi\u00e9e ISO9001 &amp; 17100 \u00e0 Bruxelles<\/title>\n<meta name=\"description\" content=\"Le Groupe Eurologos est un leader dans le secteur des services de traduction depuis sa cr\u00e9ation en 1977 \u00e0 Bruxelles.\" \/>\n<meta name=\"robots\" content=\"index, follow, max-snippet:-1, max-image-preview:large, max-video-preview:-1\" \/>\n<link rel=\"canonical\" href=\"https:\/\/eurologos-group.com\/fr\/traductions-generales\/\" \/>\n<meta property=\"og:locale\" content=\"fr_FR\" \/>\n<meta property=\"og:type\" content=\"article\" \/>\n<meta property=\"og:title\" content=\"Traductions g\u00e9n\u00e9rales - Eurologos | Agence de Traduction certifi\u00e9e ISO9001 &amp; 17100 \u00e0 Bruxelles\" \/>\n<meta property=\"og:description\" content=\"Le Groupe Eurologos est un leader dans le secteur des services de traduction depuis sa cr\u00e9ation en 1977 \u00e0 Bruxelles.\" \/>\n<meta property=\"og:url\" content=\"https:\/\/eurologos-group.com\/fr\/traductions-generales\/\" \/>\n<meta property=\"og:site_name\" content=\"Eurologos | Agence de Traduction certifi\u00e9e ISO9001 &amp; 17100 \u00e0 Bruxelles\" \/>\n<meta property=\"article:modified_time\" content=\"2023-06-07T14:28:51+00:00\" \/>\n<meta property=\"og:image\" content=\"https:\/\/eurologos-group.com\/wp-content\/uploads\/2023\/06\/traductions.jpeg\" \/>\n<meta name=\"twitter:card\" content=\"summary_large_image\" \/>\n<meta name=\"twitter:label1\" content=\"Dur\u00e9e de lecture est.\" \/>\n\t<meta name=\"twitter:data1\" content=\"2 minutes\" \/>\n<script type=\"application\/ld+json\" class=\"yoast-schema-graph\">{\"@context\":\"https:\/\/schema.org\",\"@graph\":[{\"@type\":\"WebPage\",\"@id\":\"https:\/\/eurologos-group.com\/fr\/traductions-generales\/\",\"url\":\"https:\/\/eurologos-group.com\/fr\/traductions-generales\/\",\"name\":\"Traductions g\u00e9n\u00e9rales - Eurologos | Agence de Traduction certifi\u00e9e ISO9001 & 17100 \u00e0 Bruxelles\",\"isPartOf\":{\"@id\":\"https:\/\/eurologos-group.com\/fr\/#website\"},\"primaryImageOfPage\":{\"@id\":\"https:\/\/eurologos-group.com\/fr\/traductions-generales\/#primaryimage\"},\"image\":{\"@id\":\"https:\/\/eurologos-group.com\/fr\/traductions-generales\/#primaryimage\"},\"thumbnailUrl\":\"https:\/\/eurologos-group.com\/wp-content\/uploads\/2023\/06\/traductions.jpeg\",\"datePublished\":\"2018-06-08T13:48:26+00:00\",\"dateModified\":\"2023-06-07T14:28:51+00:00\",\"description\":\"Le Groupe Eurologos est un leader dans le secteur des services de traduction depuis sa cr\u00e9ation en 1977 \u00e0 Bruxelles.\",\"inLanguage\":\"fr-BE\",\"potentialAction\":[{\"@type\":\"ReadAction\",\"target\":[\"https:\/\/eurologos-group.com\/fr\/traductions-generales\/\"]}]},{\"@type\":\"ImageObject\",\"inLanguage\":\"fr-BE\",\"@id\":\"https:\/\/eurologos-group.com\/fr\/traductions-generales\/#primaryimage\",\"url\":\"https:\/\/eurologos-group.com\/wp-content\/uploads\/2023\/06\/traductions.jpeg\",\"contentUrl\":\"https:\/\/eurologos-group.com\/wp-content\/uploads\/2023\/06\/traductions.jpeg\"},{\"@type\":\"WebSite\",\"@id\":\"https:\/\/eurologos-group.com\/fr\/#website\",\"url\":\"https:\/\/eurologos-group.com\/fr\/\",\"name\":\"Eurologos | Agence de Traduction certifi\u00e9e ISO9001 & 17100 \u00e0 Bruxelles\",\"description\":\"\",\"potentialAction\":[{\"@type\":\"SearchAction\",\"target\":{\"@type\":\"EntryPoint\",\"urlTemplate\":\"https:\/\/eurologos-group.com\/fr\/?s={search_term_string}\"},\"query-input\":{\"@type\":\"PropertyValueSpecification\",\"valueRequired\":true,\"valueName\":\"search_term_string\"}}],\"inLanguage\":\"fr-BE\"}]}<\/script>\n<!-- \/ Yoast SEO plugin. -->","yoast_head_json":{"title":"Traductions g\u00e9n\u00e9rales - Eurologos | Agence de Traduction certifi\u00e9e ISO9001 & 17100 \u00e0 Bruxelles","description":"Le Groupe Eurologos est un leader dans le secteur des services de traduction depuis sa cr\u00e9ation en 1977 \u00e0 Bruxelles.","robots":{"index":"index","follow":"follow","max-snippet":"max-snippet:-1","max-image-preview":"max-image-preview:large","max-video-preview":"max-video-preview:-1"},"canonical":"https:\/\/eurologos-group.com\/fr\/traductions-generales\/","og_locale":"fr_FR","og_type":"article","og_title":"Traductions g\u00e9n\u00e9rales - Eurologos | Agence de Traduction certifi\u00e9e ISO9001 & 17100 \u00e0 Bruxelles","og_description":"Le Groupe Eurologos est un leader dans le secteur des services de traduction depuis sa cr\u00e9ation en 1977 \u00e0 Bruxelles.","og_url":"https:\/\/eurologos-group.com\/fr\/traductions-generales\/","og_site_name":"Eurologos | Agence de Traduction certifi\u00e9e ISO9001 & 17100 \u00e0 Bruxelles","article_modified_time":"2023-06-07T14:28:51+00:00","og_image":[{"url":"https:\/\/eurologos-group.com\/wp-content\/uploads\/2023\/06\/traductions.jpeg","type":"","width":"","height":""}],"twitter_card":"summary_large_image","twitter_misc":{"Dur\u00e9e de lecture est.":"2 minutes"},"schema":{"@context":"https:\/\/schema.org","@graph":[{"@type":"WebPage","@id":"https:\/\/eurologos-group.com\/fr\/traductions-generales\/","url":"https:\/\/eurologos-group.com\/fr\/traductions-generales\/","name":"Traductions g\u00e9n\u00e9rales - Eurologos | Agence de Traduction certifi\u00e9e ISO9001 & 17100 \u00e0 Bruxelles","isPartOf":{"@id":"https:\/\/eurologos-group.com\/fr\/#website"},"primaryImageOfPage":{"@id":"https:\/\/eurologos-group.com\/fr\/traductions-generales\/#primaryimage"},"image":{"@id":"https:\/\/eurologos-group.com\/fr\/traductions-generales\/#primaryimage"},"thumbnailUrl":"https:\/\/eurologos-group.com\/wp-content\/uploads\/2023\/06\/traductions.jpeg","datePublished":"2018-06-08T13:48:26+00:00","dateModified":"2023-06-07T14:28:51+00:00","description":"Le Groupe Eurologos est un leader dans le secteur des services de traduction depuis sa cr\u00e9ation en 1977 \u00e0 Bruxelles.","inLanguage":"fr-BE","potentialAction":[{"@type":"ReadAction","target":["https:\/\/eurologos-group.com\/fr\/traductions-generales\/"]}]},{"@type":"ImageObject","inLanguage":"fr-BE","@id":"https:\/\/eurologos-group.com\/fr\/traductions-generales\/#primaryimage","url":"https:\/\/eurologos-group.com\/wp-content\/uploads\/2023\/06\/traductions.jpeg","contentUrl":"https:\/\/eurologos-group.com\/wp-content\/uploads\/2023\/06\/traductions.jpeg"},{"@type":"WebSite","@id":"https:\/\/eurologos-group.com\/fr\/#website","url":"https:\/\/eurologos-group.com\/fr\/","name":"Eurologos | Agence de Traduction certifi\u00e9e ISO9001 & 17100 \u00e0 Bruxelles","description":"","potentialAction":[{"@type":"SearchAction","target":{"@type":"EntryPoint","urlTemplate":"https:\/\/eurologos-group.com\/fr\/?s={search_term_string}"},"query-input":{"@type":"PropertyValueSpecification","valueRequired":true,"valueName":"search_term_string"}}],"inLanguage":"fr-BE"}]}},"_links":{"self":[{"href":"https:\/\/eurologos-group.com\/fr\/wp-json\/wp\/v2\/pages\/4122","targetHints":{"allow":["GET"]}}],"collection":[{"href":"https:\/\/eurologos-group.com\/fr\/wp-json\/wp\/v2\/pages"}],"about":[{"href":"https:\/\/eurologos-group.com\/fr\/wp-json\/wp\/v2\/types\/page"}],"author":[{"embeddable":true,"href":"https:\/\/eurologos-group.com\/fr\/wp-json\/wp\/v2\/users\/1"}],"replies":[{"embeddable":true,"href":"https:\/\/eurologos-group.com\/fr\/wp-json\/wp\/v2\/comments?post=4122"}],"version-history":[{"count":9,"href":"https:\/\/eurologos-group.com\/fr\/wp-json\/wp\/v2\/pages\/4122\/revisions"}],"predecessor-version":[{"id":17754,"href":"https:\/\/eurologos-group.com\/fr\/wp-json\/wp\/v2\/pages\/4122\/revisions\/17754"}],"wp:attachment":[{"href":"https:\/\/eurologos-group.com\/fr\/wp-json\/wp\/v2\/media?parent=4122"}],"curies":[{"name":"wp","href":"https:\/\/api.w.org\/{rel}","templated":true}]}}