{"id":14612,"date":"2019-12-02T10:20:29","date_gmt":"2019-12-02T10:20:29","guid":{"rendered":"https:\/\/eurologos-group.com\/?page_id=14612"},"modified":"2020-04-23T13:48:50","modified_gmt":"2020-04-23T13:48:50","slug":"traduction-de-document","status":"publish","type":"page","link":"https:\/\/eurologos-group.com\/fr\/traductions-generales\/traduction-de-document\/","title":{"rendered":"Traduction de document"},"content":{"rendered":"<p class=\"p2\"><span class=\"s2\"><a href=\"https:\/\/eurologos-group.com\/wp-content\/uploads\/2019\/12\/traduire-document-officiel.jpg\"><img loading=\"lazy\" decoding=\"async\" class=\"size-medium wp-image-14617 alignleft\" src=\"https:\/\/eurologos-group.com\/wp-content\/uploads\/2019\/12\/traduire-document-officiel-199x300.jpg\" alt=\"Traduction de document officiel\" width=\"199\" height=\"300\" srcset=\"https:\/\/eurologos-group.com\/wp-content\/uploads\/2019\/12\/traduire-document-officiel-199x300.jpg 199w, https:\/\/eurologos-group.com\/wp-content\/uploads\/2019\/12\/traduire-document-officiel-768x1155.jpg 768w, https:\/\/eurologos-group.com\/wp-content\/uploads\/2019\/12\/traduire-document-officiel-681x1024.jpg 681w, https:\/\/eurologos-group.com\/wp-content\/uploads\/2019\/12\/traduire-document-officiel.jpg 2000w\" sizes=\"auto, (max-width: 199px) 100vw, 199px\" \/><\/a>Eurologos est une <a href=\"https:\/\/eurologos-group.com\/fr\/a-propos\/lentreprise\/eurologos-votre-agence-de-traduction-professionnelle-a-bruxelles\/\">agence de traduction professionnelle bas\u00e9e \u00e0 Bruxelles<\/a> qui dispose d\u2019un r\u00e9seau mondial de professionnels qualifi\u00e9s dans toutes les langues. Ces linguistes travaillent exclusivement vers leur langue maternelle, sont rigoureusement s\u00e9lectionn\u00e9s sur la base de leurs comp\u00e9tences linguistiques et valid\u00e9s par nos soins (notre soci\u00e9t\u00e9 de traduction est certifi\u00e9e ISO<\/span><span class=\"s3\">) afin d\u2019assurer des <a href=\"https:\/\/eurologos-group.com\/fr\/traductions-generales\/\"><span class=\"s4\">traductions g\u00e9n\u00e9rales<\/span><\/a> et des traductions sp\u00e9cialis\u00e9es de qualit\u00e9 de la langue source vers la langue cible.<\/span><\/p>\n<p class=\"p3\"><span class=\"s1\">Si vous avez besoin de <strong>traductions de documents,<\/strong><a href=\"https:\/\/eurologos-group.com\/fr\/demande-de-devis-gratuit\/\"> n\u2019h\u00e9sitez pas \u00e0 nous contacter et \u00e0 nous communiquer<\/a>, en plus du texte source, la langue cible et le type de services souhait\u00e9 (traduction, relecture et correction, correction, r\u00e9vision). Eurologos-Bruxelles vous enverra un devis de traduction gratuit dans les plus brefs d\u00e9lais<\/span><span class=\"s5\">.<\/span><\/p>\n<h2 class=\"p1\"><span class=\"s1\">Des traducteurs professionnels pour des services de traduction de documents dans toutes les langues<\/span><\/h2>\n<p class=\"p2\"><span class=\"s1\"><i>Eurologos-Bruxelles est votre partenaire en mati\u00e8re de communication internationale. Gr\u00e2ce \u00e0 son r\u00e9seau mondial, notre agence de traduction vous propose des services de traduction multilingue assur\u00e9s par des professionnels qualifi\u00e9s.<\/i><\/span><\/p>\n<p class=\"p2\"><span class=\"s1\"><i>Besoin d\u2019une traduction de site web, d\u2019une correction de textes ou encore d\u2019une relecture ou d\u2019une r\u00e9vision\u00a0? Notre soci\u00e9t\u00e9 de traduction trouve toujours la solution. Tous nos linguistes sont rigoureusement s\u00e9lectionn\u00e9s sur la base de leurs comp\u00e9tences linguistiques. Le traducteur professionnel ma\u00eetrise la langue source et la langue cible, celle-ci \u00e9tant sa langue maternelle. Il s\u2019<\/i><\/span><span class=\"s2\"><i>agit l\u00e0<\/i><\/span><span class=\"s1\"><i> d\u2019un gage de qualit\u00e9. En tant que professionnel qualifi\u00e9, il ma\u00eetrise parfaitement le domaine du texte \u00e0 traduire afin de respecter la terminologie requise. Il est donc tout \u00e0 fait capable d\u2019assurer des traductions sp\u00e9cialis\u00e9es, qu\u2019il s\u2019agisse, notamment, de documents commerciaux ou de documents techniques.<\/i><\/span><\/p>\n<p class=\"p2\"><span class=\"s1\"><i>Dans le cadre de sa mission de <\/i><strong><i>traduction de documents<\/i><\/strong><i>, le traducteur est tenu de proc\u00e9der \u00e0 une r\u00e9vision ainsi qu\u2019\u00e0 une relecture minutieuse de son travail. En outre, notre agence de traduction professionnelle garantit une seconde r\u00e9vision par un autre linguiste professionnel qualifi\u00e9. Ce service est toujours inclus dans le devis de traduction que nous vous remettons.<\/i><\/span><\/p>\n<p class=\"p2\"><span class=\"s1\"><i>Dans notre agence de traduction professionnelle, le texte \u00e0 traduire est r\u00e9ceptionn\u00e9 par un Project Manager qui se charge d\u2019en v\u00e9rifier le domaine. Il attribue ensuite le travail au professionnel qualifi\u00e9 qui correspond le mieux \u00e0 la mission en fonction de ses comp\u00e9tences linguistiques notamment. Ainsi, il confiera une traduction juridique \u00e0 un traducteur sp\u00e9cialis\u00e9 en la mati\u00e8re. Qu\u2019il s\u2019agisse d\u2019une traduction audiovisuelle, d\u2019une traduction commerciale, d\u2019une traduction financi\u00e8re ou encore d\u2019une traduction litt\u00e9raire, votre Project Manager s\u00e9lectionne toujours le traducteur professionnel ad\u00e9quat. Notre soci\u00e9t\u00e9 de traduction peut \u00e9galement prendre en charge des traductions marketing, des traductions m\u00e9dicales ou encore des traductions techniques en toutes langues gr\u00e2ce \u00e0 son r\u00e9seau mondial multilingue.<\/i><\/span><\/p>\n<p class=\"p2\"><span class=\"s1\"><i>Notre agence de traduction professionnelle assure \u00e0 tous ses clients une r\u00e9vision par un deuxi\u00e8me traducteur professionnel. Celui-ci v\u00e9rifie le respect de la terminologie, l\u2019orthographe et la grammaire du texte cible ainsi que le respect de la mise en page, quel que soit le format. Gr\u00e2ce \u00e0 toutes ces proc\u00e9dures de qualit\u00e9, notre soci\u00e9t\u00e9 de traduction a d\u00e9croch\u00e9 les certifications ISO 9001 et ISO 17100.<\/i><\/span><\/p>\n<p class=\"p2\"><span class=\"s1\"><i>Au niveau des d\u00e9lais, notre capacit\u00e9 de traduction de texte est d\u2019environ 2000\u00a0mots par jour ouvrable par langue source, r\u00e9vision par un autre linguiste incluse. Quel que soit le type de demande \u2013 traductions de sites web ou traductions sp\u00e9cialis\u00e9es par exemple \u2013 notre agence de traduction met tout en \u0153uvre pour respecter les d\u00e9lais. N\u2019h\u00e9sitez pas \u00e0 demander un<a href=\"https:\/\/eurologos-group.com\/fr\/demande-de-devis-gratuit\/\"> devis de traduction<\/a>.<\/i><\/span><\/p>\n<p class=\"p2\"><span class=\"s1\"><i>Gr\u00e2ce \u00e0 son r\u00e9seau mondial de professionnels qualifi\u00e9s, notre agence de traduction professionnelle propose des services de traduction en toutes langues. Eurologos-Bruxelles devient ainsi votre partenaire au niveau de la traduction multilingue et de la communication internationale. Nos linguistes prennent \u00e9galement en charge les missions de r\u00e9vision, de relecture et de correction de textes qu\u2019il s\u2019agisse du texte source \u2013 \u00e0 valider avant traduction ou du texte cible \u2013 traduit par vos soins.<\/i><\/span><\/p>\n<h2 class=\"p1\"><span class=\"s1\">Eurologos Bruxelles, le sp\u00e9cialiste de la traduction de documents<\/span><\/h2>\n<p class=\"p2\"><span class=\"s1\"><i>Quel que soit le format de votre demande de traduction de texte, notre agence de traduction la prend en charge dans les meilleurs d\u00e9lais en respectant la terminologie et la mise en page. Gr\u00e2ce \u00e0 notre r\u00e9seau mondial de professionnels qualifi\u00e9s, chaque texte source est pris en charge par un linguiste pour \u00eatre traduit dans la langue cible demand\u00e9e, qui est aussi sa langue maternelle. Eurologos-Bruxelles est sp\u00e9cialis\u00e9e dans de nombreux domaines : traduction juridique, traduction audiovisuelle, traduction commerciale, traduction financi\u00e8re, traduction litt\u00e9raire, traduction marketing, traduction m\u00e9dicale et traduction technique notamment. Nos traducteurs professionnels prennent en charge diff\u00e9rentes demandes de traduction de texte, qu\u2019il s\u2019agisse de traductions g\u00e9n\u00e9rales ou de traductions sp\u00e9cialis\u00e9es. N\u2019h\u00e9sitez pas \u00e0 <a href=\"https:\/\/eurologos-group.com\/fr\/demande-de-devis-gratuit\/\">nous envoyer vos documents commerciaux ou vos documents techniques<\/a><\/i><\/span><span class=\"s1\"><i>, notre agence de traduction professionnelle vous communiquera un devis de traduction. Vous avez besoin d\u2019une traduction de site web, d\u2019une relecture, d\u2019une r\u00e9vision ou d\u2019une correction de textes\u00a0? Eurologos-Bruxelles a la solution.<\/i><\/span><\/p>\n","protected":false},"excerpt":{"rendered":"Eurologos est une agence de traduction professionnelle bas\u00e9e \u00e0 Bruxelles qui dispose d\u2019un r\u00e9seau mondial de professionnels qualifi\u00e9s dans toutes les langues. Ces linguistes travaillent exclusivement vers leur langue maternelle, sont rigoureusement s\u00e9lectionn\u00e9s sur la base de leurs comp\u00e9tences linguistiques et valid\u00e9s par nos soins (notre soci\u00e9t\u00e9 de traduction est certifi\u00e9e ISO) afin d\u2019assurer des traductions g\u00e9n\u00e9rales et des traductions&nbsp;<a href=\"https:\/\/eurologos-group.com\/fr\/traductions-generales\/traduction-de-document\/\" class=\"read-more\">Continue Reading<\/a>","protected":false},"author":17,"featured_media":14614,"parent":4122,"menu_order":0,"comment_status":"closed","ping_status":"closed","template":"","meta":{"footnotes":""},"categories":[],"tags":[],"class_list":["post-14612","page","type-page","status-publish","has-post-thumbnail","hentry"],"yoast_head":"<!-- This site is optimized with the Yoast SEO plugin v25.1 - https:\/\/yoast.com\/wordpress\/plugins\/seo\/ -->\n<title>Traduction de document par des traducteurs professionnels | Eurologos<\/title>\n<meta name=\"description\" content=\"Vous cherchez \u00e0 traduire un document en passant par des professionnels plut\u00f4t qu\u2019un traducteur gratuit en ligne ? Contactez-nous pour un devis gratuit !\" \/>\n<meta name=\"robots\" content=\"index, follow, max-snippet:-1, max-image-preview:large, max-video-preview:-1\" \/>\n<link rel=\"canonical\" href=\"https:\/\/eurologos-group.com\/fr\/traductions-generales\/traduction-de-document\/\" \/>\n<meta property=\"og:locale\" content=\"fr_FR\" \/>\n<meta property=\"og:type\" content=\"article\" \/>\n<meta property=\"og:title\" content=\"Traduction de document par des traducteurs professionnels | Eurologos\" \/>\n<meta property=\"og:description\" content=\"Vous cherchez \u00e0 traduire un document en passant par des professionnels plut\u00f4t qu\u2019un traducteur gratuit en ligne ? Contactez-nous pour un devis gratuit !\" \/>\n<meta property=\"og:url\" content=\"https:\/\/eurologos-group.com\/fr\/traductions-generales\/traduction-de-document\/\" \/>\n<meta property=\"og:site_name\" content=\"Eurologos | Agence de Traduction certifi\u00e9e ISO9001 &amp; 17100 \u00e0 Bruxelles\" \/>\n<meta property=\"article:modified_time\" content=\"2020-04-23T13:48:50+00:00\" \/>\n<meta property=\"og:image\" content=\"https:\/\/eurologos-group.com\/wp-content\/uploads\/2019\/12\/traduction-de-document.jpg\" \/>\n\t<meta property=\"og:image:width\" content=\"4608\" \/>\n\t<meta property=\"og:image:height\" content=\"3456\" \/>\n\t<meta property=\"og:image:type\" content=\"image\/jpeg\" \/>\n<meta name=\"twitter:card\" content=\"summary_large_image\" \/>\n<meta name=\"twitter:label1\" content=\"Dur\u00e9e de lecture est.\" \/>\n\t<meta name=\"twitter:data1\" content=\"4 minutes\" \/>\n<script type=\"application\/ld+json\" class=\"yoast-schema-graph\">{\"@context\":\"https:\/\/schema.org\",\"@graph\":[{\"@type\":\"WebPage\",\"@id\":\"https:\/\/eurologos-group.com\/fr\/traductions-generales\/traduction-de-document\/\",\"url\":\"https:\/\/eurologos-group.com\/fr\/traductions-generales\/traduction-de-document\/\",\"name\":\"Traduction de document par des traducteurs professionnels | Eurologos\",\"isPartOf\":{\"@id\":\"https:\/\/eurologos-group.com\/fr\/#website\"},\"primaryImageOfPage\":{\"@id\":\"https:\/\/eurologos-group.com\/fr\/traductions-generales\/traduction-de-document\/#primaryimage\"},\"image\":{\"@id\":\"https:\/\/eurologos-group.com\/fr\/traductions-generales\/traduction-de-document\/#primaryimage\"},\"thumbnailUrl\":\"https:\/\/eurologos-group.com\/wp-content\/uploads\/2019\/12\/traduction-de-document.jpg\",\"datePublished\":\"2019-12-02T10:20:29+00:00\",\"dateModified\":\"2020-04-23T13:48:50+00:00\",\"description\":\"Vous cherchez \u00e0 traduire un document en passant par des professionnels plut\u00f4t qu\u2019un traducteur gratuit en ligne ? Contactez-nous pour un devis gratuit !\",\"breadcrumb\":{\"@id\":\"https:\/\/eurologos-group.com\/fr\/traductions-generales\/traduction-de-document\/#breadcrumb\"},\"inLanguage\":\"fr-BE\",\"potentialAction\":[{\"@type\":\"ReadAction\",\"target\":[\"https:\/\/eurologos-group.com\/fr\/traductions-generales\/traduction-de-document\/\"]}]},{\"@type\":\"ImageObject\",\"inLanguage\":\"fr-BE\",\"@id\":\"https:\/\/eurologos-group.com\/fr\/traductions-generales\/traduction-de-document\/#primaryimage\",\"url\":\"https:\/\/eurologos-group.com\/wp-content\/uploads\/2019\/12\/traduction-de-document.jpg\",\"contentUrl\":\"https:\/\/eurologos-group.com\/wp-content\/uploads\/2019\/12\/traduction-de-document.jpg\",\"width\":4608,\"height\":3456},{\"@type\":\"BreadcrumbList\",\"@id\":\"https:\/\/eurologos-group.com\/fr\/traductions-generales\/traduction-de-document\/#breadcrumb\",\"itemListElement\":[{\"@type\":\"ListItem\",\"position\":1,\"name\":\"Traductions g\u00e9n\u00e9rales\",\"item\":\"https:\/\/eurologos-group.com\/fr\/traductions-generales\/\"},{\"@type\":\"ListItem\",\"position\":2,\"name\":\"Traduction de document\"}]},{\"@type\":\"WebSite\",\"@id\":\"https:\/\/eurologos-group.com\/fr\/#website\",\"url\":\"https:\/\/eurologos-group.com\/fr\/\",\"name\":\"Eurologos | Agence de Traduction certifi\u00e9e ISO9001 & 17100 \u00e0 Bruxelles\",\"description\":\"\",\"potentialAction\":[{\"@type\":\"SearchAction\",\"target\":{\"@type\":\"EntryPoint\",\"urlTemplate\":\"https:\/\/eurologos-group.com\/fr\/?s={search_term_string}\"},\"query-input\":{\"@type\":\"PropertyValueSpecification\",\"valueRequired\":true,\"valueName\":\"search_term_string\"}}],\"inLanguage\":\"fr-BE\"}]}<\/script>\n<!-- \/ Yoast SEO plugin. -->","yoast_head_json":{"title":"Traduction de document par des traducteurs professionnels | Eurologos","description":"Vous cherchez \u00e0 traduire un document en passant par des professionnels plut\u00f4t qu\u2019un traducteur gratuit en ligne ? Contactez-nous pour un devis gratuit !","robots":{"index":"index","follow":"follow","max-snippet":"max-snippet:-1","max-image-preview":"max-image-preview:large","max-video-preview":"max-video-preview:-1"},"canonical":"https:\/\/eurologos-group.com\/fr\/traductions-generales\/traduction-de-document\/","og_locale":"fr_FR","og_type":"article","og_title":"Traduction de document par des traducteurs professionnels | Eurologos","og_description":"Vous cherchez \u00e0 traduire un document en passant par des professionnels plut\u00f4t qu\u2019un traducteur gratuit en ligne ? Contactez-nous pour un devis gratuit !","og_url":"https:\/\/eurologos-group.com\/fr\/traductions-generales\/traduction-de-document\/","og_site_name":"Eurologos | Agence de Traduction certifi\u00e9e ISO9001 & 17100 \u00e0 Bruxelles","article_modified_time":"2020-04-23T13:48:50+00:00","og_image":[{"width":4608,"height":3456,"url":"https:\/\/eurologos-group.com\/wp-content\/uploads\/2019\/12\/traduction-de-document.jpg","type":"image\/jpeg"}],"twitter_card":"summary_large_image","twitter_misc":{"Dur\u00e9e de lecture est.":"4 minutes"},"schema":{"@context":"https:\/\/schema.org","@graph":[{"@type":"WebPage","@id":"https:\/\/eurologos-group.com\/fr\/traductions-generales\/traduction-de-document\/","url":"https:\/\/eurologos-group.com\/fr\/traductions-generales\/traduction-de-document\/","name":"Traduction de document par des traducteurs professionnels | Eurologos","isPartOf":{"@id":"https:\/\/eurologos-group.com\/fr\/#website"},"primaryImageOfPage":{"@id":"https:\/\/eurologos-group.com\/fr\/traductions-generales\/traduction-de-document\/#primaryimage"},"image":{"@id":"https:\/\/eurologos-group.com\/fr\/traductions-generales\/traduction-de-document\/#primaryimage"},"thumbnailUrl":"https:\/\/eurologos-group.com\/wp-content\/uploads\/2019\/12\/traduction-de-document.jpg","datePublished":"2019-12-02T10:20:29+00:00","dateModified":"2020-04-23T13:48:50+00:00","description":"Vous cherchez \u00e0 traduire un document en passant par des professionnels plut\u00f4t qu\u2019un traducteur gratuit en ligne ? Contactez-nous pour un devis gratuit !","breadcrumb":{"@id":"https:\/\/eurologos-group.com\/fr\/traductions-generales\/traduction-de-document\/#breadcrumb"},"inLanguage":"fr-BE","potentialAction":[{"@type":"ReadAction","target":["https:\/\/eurologos-group.com\/fr\/traductions-generales\/traduction-de-document\/"]}]},{"@type":"ImageObject","inLanguage":"fr-BE","@id":"https:\/\/eurologos-group.com\/fr\/traductions-generales\/traduction-de-document\/#primaryimage","url":"https:\/\/eurologos-group.com\/wp-content\/uploads\/2019\/12\/traduction-de-document.jpg","contentUrl":"https:\/\/eurologos-group.com\/wp-content\/uploads\/2019\/12\/traduction-de-document.jpg","width":4608,"height":3456},{"@type":"BreadcrumbList","@id":"https:\/\/eurologos-group.com\/fr\/traductions-generales\/traduction-de-document\/#breadcrumb","itemListElement":[{"@type":"ListItem","position":1,"name":"Traductions g\u00e9n\u00e9rales","item":"https:\/\/eurologos-group.com\/fr\/traductions-generales\/"},{"@type":"ListItem","position":2,"name":"Traduction de document"}]},{"@type":"WebSite","@id":"https:\/\/eurologos-group.com\/fr\/#website","url":"https:\/\/eurologos-group.com\/fr\/","name":"Eurologos | Agence de Traduction certifi\u00e9e ISO9001 & 17100 \u00e0 Bruxelles","description":"","potentialAction":[{"@type":"SearchAction","target":{"@type":"EntryPoint","urlTemplate":"https:\/\/eurologos-group.com\/fr\/?s={search_term_string}"},"query-input":{"@type":"PropertyValueSpecification","valueRequired":true,"valueName":"search_term_string"}}],"inLanguage":"fr-BE"}]}},"_links":{"self":[{"href":"https:\/\/eurologos-group.com\/fr\/wp-json\/wp\/v2\/pages\/14612","targetHints":{"allow":["GET"]}}],"collection":[{"href":"https:\/\/eurologos-group.com\/fr\/wp-json\/wp\/v2\/pages"}],"about":[{"href":"https:\/\/eurologos-group.com\/fr\/wp-json\/wp\/v2\/types\/page"}],"author":[{"embeddable":true,"href":"https:\/\/eurologos-group.com\/fr\/wp-json\/wp\/v2\/users\/17"}],"replies":[{"embeddable":true,"href":"https:\/\/eurologos-group.com\/fr\/wp-json\/wp\/v2\/comments?post=14612"}],"version-history":[{"count":4,"href":"https:\/\/eurologos-group.com\/fr\/wp-json\/wp\/v2\/pages\/14612\/revisions"}],"predecessor-version":[{"id":15013,"href":"https:\/\/eurologos-group.com\/fr\/wp-json\/wp\/v2\/pages\/14612\/revisions\/15013"}],"up":[{"embeddable":true,"href":"https:\/\/eurologos-group.com\/fr\/wp-json\/wp\/v2\/pages\/4122"}],"wp:featuredmedia":[{"embeddable":true,"href":"https:\/\/eurologos-group.com\/fr\/wp-json\/wp\/v2\/media\/14614"}],"wp:attachment":[{"href":"https:\/\/eurologos-group.com\/fr\/wp-json\/wp\/v2\/media?parent=14612"}],"wp:term":[{"taxonomy":"category","embeddable":true,"href":"https:\/\/eurologos-group.com\/fr\/wp-json\/wp\/v2\/categories?post=14612"},{"taxonomy":"post_tag","embeddable":true,"href":"https:\/\/eurologos-group.com\/fr\/wp-json\/wp\/v2\/tags?post=14612"}],"curies":[{"name":"wp","href":"https:\/\/api.w.org\/{rel}","templated":true}]}}